{"id":833,"date":"2022-09-13T15:50:47","date_gmt":"2022-09-13T13:50:47","guid":{"rendered":"https:\/\/winneryachts.elementor.cloud\/?page_id=833"},"modified":"2024-04-24T09:54:59","modified_gmt":"2024-04-24T07:54:59","slug":"news","status":"publish","type":"page","link":"https:\/\/winneryachts.com\/en\/news\/","title":{"rendered":"NEWS"},"content":{"rendered":"<div data-elementor-type=\"wp-page\" data-elementor-id=\"833\" class=\"elementor elementor-833\" data-elementor-post-type=\"page\">\n\t\t\t\t\t\t<section class=\"elementor-section elementor-top-section elementor-element elementor-element-7c5025ec elementor-section-boxed elementor-section-height-default elementor-section-height-default\" data-id=\"7c5025ec\" data-element_type=\"section\" data-e-type=\"section\">\n\t\t\t\t\t\t<div class=\"elementor-container elementor-column-gap-default\">\n\t\t\t\t\t<div class=\"elementor-column elementor-col-100 elementor-top-column elementor-element elementor-element-7d4a39fc\" data-id=\"7d4a39fc\" data-element_type=\"column\" data-e-type=\"column\">\n\t\t\t<div class=\"elementor-widget-wrap elementor-element-populated\">\n\t\t\t\t\t\t<div class=\"elementor-element elementor-element-67b2bb14 elementor-widget elementor-widget-heading\" data-id=\"67b2bb14\" data-element_type=\"widget\" data-e-type=\"widget\" data-widget_type=\"heading.default\">\n\t\t\t\t<div class=\"elementor-widget-container\">\n\t\t\t\t\t<h2 class=\"elementor-heading-title elementor-size-default\">news<\/h2>\t\t\t\t<\/div>\n\t\t\t\t<\/div>\n\t\t\t\t\t<\/div>\n\t\t<\/div>\n\t\t\t\t\t<\/div>\n\t\t<\/section>\n\t\t\t\t<section class=\"elementor-section elementor-top-section elementor-element elementor-element-19d7ed0a elementor-section-boxed elementor-section-height-default elementor-section-height-default\" data-id=\"19d7ed0a\" data-element_type=\"section\" data-e-type=\"section\">\n\t\t\t\t\t\t<div class=\"elementor-container elementor-column-gap-default\">\n\t\t\t\t\t<div class=\"elementor-column elementor-col-100 elementor-top-column elementor-element elementor-element-2801a97\" data-id=\"2801a97\" data-element_type=\"column\" data-e-type=\"column\">\n\t\t\t<div class=\"elementor-widget-wrap elementor-element-populated\">\n\t\t\t\t\t\t<div class=\"elementor-element elementor-element-2e30a95b elementor-grid-3 elementor-grid-tablet-2 elementor-grid-mobile-1 elementor-posts--thumbnail-top elementor-card-shadow-yes elementor-posts__hover-gradient elementor-widget elementor-widget-posts\" data-id=\"2e30a95b\" data-element_type=\"widget\" data-e-type=\"widget\" data-settings=\"{&quot;cards_columns&quot;:&quot;3&quot;,&quot;cards_columns_tablet&quot;:&quot;2&quot;,&quot;cards_columns_mobile&quot;:&quot;1&quot;,&quot;cards_row_gap&quot;:{&quot;unit&quot;:&quot;px&quot;,&quot;size&quot;:35,&quot;sizes&quot;:[]},&quot;cards_row_gap_tablet&quot;:{&quot;unit&quot;:&quot;px&quot;,&quot;size&quot;:&quot;&quot;,&quot;sizes&quot;:[]},&quot;cards_row_gap_mobile&quot;:{&quot;unit&quot;:&quot;px&quot;,&quot;size&quot;:&quot;&quot;,&quot;sizes&quot;:[]}}\" data-widget_type=\"posts.cards\">\n\t\t\t\t<div class=\"elementor-widget-container\">\n\t\t\t\t\t\t\t<div class=\"elementor-posts-container elementor-posts elementor-posts--skin-cards elementor-grid\" role=\"list\">\n\t\t\t\t<article class=\"elementor-post elementor-grid-item post-5379 post type-post status-publish format-standard has-post-thumbnail hentry category-allgemein\" role=\"listitem\">\n\t\t\t<div class=\"elementor-post__card\">\n\t\t\t\t<a class=\"elementor-post__thumbnail__link\" href=\"https:\/\/winneryachts.com\/en\/einladung-zum-ancora-yachtfestival-2026\/\" tabindex=\"-1\" ><div class=\"elementor-post__thumbnail\"><img fetchpriority=\"high\" decoding=\"async\" width=\"1080\" height=\"1080\" src=\"https:\/\/winneryachts.com\/wp-content\/uploads\/2026\/04\/aYF26_wir-sind-dabei_1080x1080px_Vorlagen-Kopie.jpg\" class=\"attachment-full size-full wp-image-5380\" alt=\"\" srcset=\"https:\/\/winneryachts.com\/wp-content\/uploads\/2026\/04\/aYF26_wir-sind-dabei_1080x1080px_Vorlagen-Kopie.jpg 1080w, https:\/\/winneryachts.com\/wp-content\/uploads\/2026\/04\/aYF26_wir-sind-dabei_1080x1080px_Vorlagen-Kopie-300x300.jpg 300w, https:\/\/winneryachts.com\/wp-content\/uploads\/2026\/04\/aYF26_wir-sind-dabei_1080x1080px_Vorlagen-Kopie-1024x1024.jpg 1024w, https:\/\/winneryachts.com\/wp-content\/uploads\/2026\/04\/aYF26_wir-sind-dabei_1080x1080px_Vorlagen-Kopie-150x150.jpg 150w, https:\/\/winneryachts.com\/wp-content\/uploads\/2026\/04\/aYF26_wir-sind-dabei_1080x1080px_Vorlagen-Kopie-768x768.jpg 768w, https:\/\/winneryachts.com\/wp-content\/uploads\/2026\/04\/aYF26_wir-sind-dabei_1080x1080px_Vorlagen-Kopie-12x12.jpg 12w\" sizes=\"(max-width: 1080px) 100vw, 1080px\" \/><\/div><\/a>\n\t\t\t\t<div class=\"elementor-post__badge\">Allgemein<\/div>\n\t\t\t\t<div class=\"elementor-post__text\">\n\t\t\t\t<div class=\"elementor-post__excerpt\">\n\t\t\t<p>Einladung zum ancora YACHTFESTIVAL 2026 Vom 8. bis zum 10. Mai pr\u00e4sentieren wir Ihnen auf Deutschlands gr\u00f6\u00dfter Inwater-Boat-Show die schnelle und hochseeg\u00e4ngige WINNER 9. Schnell,<\/p>\n\t\t<\/div>\n\t\t\n\t\t<a class=\"elementor-post__read-more\" href=\"https:\/\/winneryachts.com\/en\/einladung-zum-ancora-yachtfestival-2026\/\" aria-label=\"Read more about Einladung zum ancora YACHTFESTIVAL 2026\" tabindex=\"-1\" >\n\t\t\tWeiterlesen \u00bb\t\t<\/a>\n\n\t\t\t\t<\/div>\n\t\t\t\t<div class=\"elementor-post__meta-data\">\n\t\t\t\t\t<span class=\"elementor-post-date\">\n\t\t\t29. April 2026\t\t<\/span>\n\t\t\t\t<span class=\"elementor-post-avatar\">\n\t\t\tNo Comments\t\t<\/span>\n\t\t\t\t<\/div>\n\t\t\t\t\t<\/div>\n\t\t<\/article>\n\t\t\t\t<article class=\"elementor-post elementor-grid-item post-5310 post type-post status-publish format-standard has-post-thumbnail hentry category-allgemein\" role=\"listitem\">\n\t\t\t<div class=\"elementor-post__card\">\n\t\t\t\t<a class=\"elementor-post__thumbnail__link\" href=\"https:\/\/winneryachts.com\/en\/viel-lob-fur-winner-yachts-in-der-palstek\/\" tabindex=\"-1\" ><div class=\"elementor-post__thumbnail\"><img decoding=\"async\" width=\"653\" height=\"482\" src=\"https:\/\/winneryachts.com\/wp-content\/uploads\/2025\/10\/Acr729235856064-1465219.jpg\" class=\"attachment-full size-full wp-image-5311\" alt=\"\" srcset=\"https:\/\/winneryachts.com\/wp-content\/uploads\/2025\/10\/Acr729235856064-1465219.jpg 653w, https:\/\/winneryachts.com\/wp-content\/uploads\/2025\/10\/Acr729235856064-1465219-300x221.jpg 300w, https:\/\/winneryachts.com\/wp-content\/uploads\/2025\/10\/Acr729235856064-1465219-16x12.jpg 16w\" sizes=\"(max-width: 653px) 100vw, 653px\" \/><\/div><\/a>\n\t\t\t\t<div class=\"elementor-post__badge\">Allgemein<\/div>\n\t\t\t\t<div class=\"elementor-post__text\">\n\t\t\t\t<div class=\"elementor-post__excerpt\">\n\t\t\t<p>Viel Lob f\u00fcr Winner Yachts in der Palstek Ausgabe 4\/25 &#8211; Thema Individualisierung von Seriendesigns Winner Yachts \u2013 Handwerkliche Qualit\u00e4t und Individualit\u00e4t aus Neustadt Den<\/p>\n\t\t<\/div>\n\t\t\n\t\t<a class=\"elementor-post__read-more\" href=\"https:\/\/winneryachts.com\/en\/viel-lob-fur-winner-yachts-in-der-palstek\/\" aria-label=\"Read more about Viel Lob f\u00fcr Winner Yachts in der Palstek Ausgabe 4\/25 &#8211; Thema\u00a0Individualisierung von Seriendesigns\" tabindex=\"-1\" >\n\t\t\tWeiterlesen \u00bb\t\t<\/a>\n\n\t\t\t\t<\/div>\n\t\t\t\t<div class=\"elementor-post__meta-data\">\n\t\t\t\t\t<span class=\"elementor-post-date\">\n\t\t\t16. October 2025\t\t<\/span>\n\t\t\t\t<span class=\"elementor-post-avatar\">\n\t\t\tNo Comments\t\t<\/span>\n\t\t\t\t<\/div>\n\t\t\t\t\t<\/div>\n\t\t<\/article>\n\t\t\t\t<article class=\"elementor-post elementor-grid-item post-5283 post type-post status-publish format-standard has-post-thumbnail hentry category-allgemein\" role=\"listitem\">\n\t\t\t<div class=\"elementor-post__card\">\n\t\t\t\t<a class=\"elementor-post__thumbnail__link\" href=\"https:\/\/winneryachts.com\/en\/winner-9-ist-top-yacht-2025\/\" tabindex=\"-1\" ><div class=\"elementor-post__thumbnail\"><img decoding=\"async\" width=\"2000\" height=\"1248\" src=\"https:\/\/winneryachts.com\/wp-content\/uploads\/2025\/10\/NGU_1986.jpg\" class=\"attachment-full size-full wp-image-5284\" alt=\"\" srcset=\"https:\/\/winneryachts.com\/wp-content\/uploads\/2025\/10\/NGU_1986.jpg 2000w, https:\/\/winneryachts.com\/wp-content\/uploads\/2025\/10\/NGU_1986-300x187.jpg 300w, https:\/\/winneryachts.com\/wp-content\/uploads\/2025\/10\/NGU_1986-1024x639.jpg 1024w, https:\/\/winneryachts.com\/wp-content\/uploads\/2025\/10\/NGU_1986-768x479.jpg 768w, https:\/\/winneryachts.com\/wp-content\/uploads\/2025\/10\/NGU_1986-1536x958.jpg 1536w, https:\/\/winneryachts.com\/wp-content\/uploads\/2025\/10\/NGU_1986-18x12.jpg 18w\" sizes=\"(max-width: 2000px) 100vw, 2000px\" \/><\/div><\/a>\n\t\t\t\t<div class=\"elementor-post__badge\">Allgemein<\/div>\n\t\t\t\t<div class=\"elementor-post__text\">\n\t\t\t\t<div class=\"elementor-post__excerpt\">\n\t\t\t<p>Die WINNER 9 ist TOP YACHT 2025! &#8222;Hingebungsvoll und mit Liebe gemacht. Ein vollst\u00e4ndiges Fahrtenschiff auf neun Metern mit umfangreichen Individualisierungsm\u00f6glichkeiten.&#8220; Mit diesen Worten leitet<\/p>\n\t\t<\/div>\n\t\t\n\t\t<a class=\"elementor-post__read-more\" href=\"https:\/\/winneryachts.com\/en\/winner-9-ist-top-yacht-2025\/\" aria-label=\"Read more about Die WINNER 9 ist TOP YACHT 2025\u200b!\" tabindex=\"-1\" >\n\t\t\tWeiterlesen \u00bb\t\t<\/a>\n\n\t\t\t\t<\/div>\n\t\t\t\t<div class=\"elementor-post__meta-data\">\n\t\t\t\t\t<span class=\"elementor-post-date\">\n\t\t\t6. October 2025\t\t<\/span>\n\t\t\t\t<span class=\"elementor-post-avatar\">\n\t\t\tNo Comments\t\t<\/span>\n\t\t\t\t<\/div>\n\t\t\t\t\t<\/div>\n\t\t<\/article>\n\t\t\t\t<article class=\"elementor-post elementor-grid-item post-5248 post type-post status-publish format-standard has-post-thumbnail hentry category-allgemein\" role=\"listitem\">\n\t\t\t<div class=\"elementor-post__card\">\n\t\t\t\t<a class=\"elementor-post__thumbnail__link\" href=\"https:\/\/winneryachts.com\/en\/einladung-zum-ancora-yachtfestival-2\/\" tabindex=\"-1\" ><div class=\"elementor-post__thumbnail\"><img loading=\"lazy\" decoding=\"async\" width=\"1080\" height=\"1080\" src=\"https:\/\/winneryachts.com\/wp-content\/uploads\/2025\/05\/aYF25_wir-sind-dabei_1080x1080px_W9SL.jpg\" class=\"attachment-full size-full wp-image-5249\" alt=\"\" srcset=\"https:\/\/winneryachts.com\/wp-content\/uploads\/2025\/05\/aYF25_wir-sind-dabei_1080x1080px_W9SL.jpg 1080w, https:\/\/winneryachts.com\/wp-content\/uploads\/2025\/05\/aYF25_wir-sind-dabei_1080x1080px_W9SL-300x300.jpg 300w, https:\/\/winneryachts.com\/wp-content\/uploads\/2025\/05\/aYF25_wir-sind-dabei_1080x1080px_W9SL-1024x1024.jpg 1024w, https:\/\/winneryachts.com\/wp-content\/uploads\/2025\/05\/aYF25_wir-sind-dabei_1080x1080px_W9SL-150x150.jpg 150w, https:\/\/winneryachts.com\/wp-content\/uploads\/2025\/05\/aYF25_wir-sind-dabei_1080x1080px_W9SL-768x768.jpg 768w, https:\/\/winneryachts.com\/wp-content\/uploads\/2025\/05\/aYF25_wir-sind-dabei_1080x1080px_W9SL-12x12.jpg 12w\" sizes=\"(max-width: 1080px) 100vw, 1080px\" \/><\/div><\/a>\n\t\t\t\t<div class=\"elementor-post__badge\">Allgemein<\/div>\n\t\t\t\t<div class=\"elementor-post__text\">\n\t\t\t\t<div class=\"elementor-post__excerpt\">\n\t\t\t<p>Einladung zum ancora YACHTFESTIVAL Vom 23. bis zum 25. Mai pr\u00e4sentieren wir Ihnen auf Deutschlands gr\u00f6\u00dfter Inwater-Boat-Show die schnelle und hochseeg\u00e4ngige WINNER 9 Speedlight \u2013<\/p>\n\t\t<\/div>\n\t\t\n\t\t<a class=\"elementor-post__read-more\" href=\"https:\/\/winneryachts.com\/en\/einladung-zum-ancora-yachtfestival-2\/\" aria-label=\"Read more about Einladung zum ancora YACHTFESTIVAL\" tabindex=\"-1\" >\n\t\t\tWeiterlesen \u00bb\t\t<\/a>\n\n\t\t\t\t<\/div>\n\t\t\t\t<div class=\"elementor-post__meta-data\">\n\t\t\t\t\t<span class=\"elementor-post-date\">\n\t\t\t10. May 2025\t\t<\/span>\n\t\t\t\t<span class=\"elementor-post-avatar\">\n\t\t\tNo Comments\t\t<\/span>\n\t\t\t\t<\/div>\n\t\t\t\t\t<\/div>\n\t\t<\/article>\n\t\t\t\t<article class=\"elementor-post elementor-grid-item post-5160 post type-post status-publish format-standard has-post-thumbnail hentry category-allgemein\" role=\"listitem\">\n\t\t\t<div class=\"elementor-post__card\">\n\t\t\t\t<a class=\"elementor-post__thumbnail__link\" href=\"https:\/\/winneryachts.com\/en\/frohe-weihnachten-2\/\" tabindex=\"-1\" ><div class=\"elementor-post__thumbnail\"><img loading=\"lazy\" decoding=\"async\" width=\"1000\" height=\"588\" src=\"https:\/\/winneryachts.com\/wp-content\/uploads\/2024\/12\/IMG_20240828_192424_HDR.jpg\" class=\"attachment-full size-full wp-image-5161\" alt=\"\" srcset=\"https:\/\/winneryachts.com\/wp-content\/uploads\/2024\/12\/IMG_20240828_192424_HDR.jpg 1000w, https:\/\/winneryachts.com\/wp-content\/uploads\/2024\/12\/IMG_20240828_192424_HDR-300x176.jpg 300w, https:\/\/winneryachts.com\/wp-content\/uploads\/2024\/12\/IMG_20240828_192424_HDR-768x452.jpg 768w, https:\/\/winneryachts.com\/wp-content\/uploads\/2024\/12\/IMG_20240828_192424_HDR-18x12.jpg 18w\" sizes=\"(max-width: 1000px) 100vw, 1000px\" \/><\/div><\/a>\n\t\t\t\t<div class=\"elementor-post__badge\">Allgemein<\/div>\n\t\t\t\t<div class=\"elementor-post__text\">\n\t\t\t\t<div class=\"elementor-post__excerpt\">\n\t\t\t<p>Liebe Wassersportfreunde, trotz des Winters freuen wir uns schon jetzt auf die kommende Saison und bei hoffentlich zahlreichen Seemeilen auf viele Erlebnisse: Der gemeinsame Urlaubst\u00f6rn<\/p>\n\t\t<\/div>\n\t\t\n\t\t<a class=\"elementor-post__read-more\" href=\"https:\/\/winneryachts.com\/en\/frohe-weihnachten-2\/\" aria-label=\"Read more about Frohe Weihnachten!\" tabindex=\"-1\" >\n\t\t\tWeiterlesen \u00bb\t\t<\/a>\n\n\t\t\t\t<\/div>\n\t\t\t\t<div class=\"elementor-post__meta-data\">\n\t\t\t\t\t<span class=\"elementor-post-date\">\n\t\t\t23. December 2024\t\t<\/span>\n\t\t\t\t<span class=\"elementor-post-avatar\">\n\t\t\tNo Comments\t\t<\/span>\n\t\t\t\t<\/div>\n\t\t\t\t\t<\/div>\n\t\t<\/article>\n\t\t\t\t<article class=\"elementor-post elementor-grid-item post-5144 post type-post status-publish format-standard has-post-thumbnail hentry category-allgemein\" role=\"listitem\">\n\t\t\t<div class=\"elementor-post__card\">\n\t\t\t\t<a class=\"elementor-post__thumbnail__link\" href=\"https:\/\/winneryachts.com\/en\/elementor-5144\/\" tabindex=\"-1\" ><div class=\"elementor-post__thumbnail\"><img loading=\"lazy\" decoding=\"async\" width=\"709\" height=\"566\" src=\"https:\/\/winneryachts.com\/wp-content\/uploads\/2024\/11\/2024-Rueckblick.jpg\" class=\"attachment-full size-full wp-image-5146\" alt=\"\" srcset=\"https:\/\/winneryachts.com\/wp-content\/uploads\/2024\/11\/2024-Rueckblick.jpg 709w, https:\/\/winneryachts.com\/wp-content\/uploads\/2024\/11\/2024-Rueckblick-300x239.jpg 300w, https:\/\/winneryachts.com\/wp-content\/uploads\/2024\/11\/2024-Rueckblick-15x12.jpg 15w\" sizes=\"(max-width: 709px) 100vw, 709px\" \/><\/div><\/a>\n\t\t\t\t<div class=\"elementor-post__badge\">Allgemein<\/div>\n\t\t\t\t<div class=\"elementor-post__text\">\n\t\t\t\t<div class=\"elementor-post__excerpt\">\n\t\t\t<p>R\u00fcckblick auf eine sch\u00f6ne und \u00fcberraschend sonnige Segelsaison 2024 \u200b Liebe Segelfreunde,die Saison war erf\u00fcllt von sonnigen Tagen, sch\u00f6nen Winden und unvergesslichen Stunden auf dem<\/p>\n\t\t<\/div>\n\t\t\n\t\t<a class=\"elementor-post__read-more\" href=\"https:\/\/winneryachts.com\/en\/elementor-5144\/\" aria-label=\"Read more about Jahresr\u00fcckblick 2024\" tabindex=\"-1\" >\n\t\t\tWeiterlesen \u00bb\t\t<\/a>\n\n\t\t\t\t<\/div>\n\t\t\t\t<div class=\"elementor-post__meta-data\">\n\t\t\t\t\t<span class=\"elementor-post-date\">\n\t\t\t20. November 2024\t\t<\/span>\n\t\t\t\t<span class=\"elementor-post-avatar\">\n\t\t\tNo Comments\t\t<\/span>\n\t\t\t\t<\/div>\n\t\t\t\t\t<\/div>\n\t\t<\/article>\n\t\t\t\t<\/div>\n\t\t\n\t\t\t\t\t\t<\/div>\n\t\t\t\t<\/div>\n\t\t\t\t\t<\/div>\n\t\t<\/div>\n\t\t\t\t\t<\/div>\n\t\t<\/section>\n\t\t\t\t<\/div>","protected":false},"excerpt":{"rendered":"<p>news<\/p>","protected":false},"author":1,"featured_media":0,"parent":0,"menu_order":0,"comment_status":"closed","ping_status":"closed","template":"","meta":{"inline_featured_image":false,"footnotes":""},"class_list":["post-833","page","type-page","status-publish","hentry"],"yoast_head":"<!-- This site is optimized with the Yoast SEO plugin v27.5 - https:\/\/yoast.com\/product\/yoast-seo-wordpress\/ -->\n<title>Neuigkeiten von Winner Yachts<\/title>\n<meta name=\"description\" content=\"Entdecken Sie die neuesten Neuigkeiten von Winner Yachts. Erfahren Sie mehr \u00fcber die Innovationen und spannenden Entwicklungen der Marke.\" \/>\n<meta name=\"robots\" content=\"index, follow, max-snippet:-1, max-image-preview:large, max-video-preview:-1\" \/>\n<link rel=\"canonical\" href=\"https:\/\/winneryachts.com\/en\/news\/\" \/>\n<meta property=\"og:locale\" content=\"en_US\" \/>\n<meta property=\"og:type\" content=\"article\" \/>\n<meta property=\"og:title\" content=\"Neuigkeiten von Winner Yachts\" \/>\n<meta property=\"og:description\" content=\"Entdecken Sie die neuesten Neuigkeiten von Winner Yachts. Erfahren Sie mehr \u00fcber die Innovationen und spannenden Entwicklungen der Marke.\" \/>\n<meta property=\"og:url\" content=\"https:\/\/winneryachts.com\/en\/news\/\" \/>\n<meta property=\"og:site_name\" content=\"Winner Yachts - zeitlose Segelyachten\" \/>\n<meta property=\"article:publisher\" content=\"https:\/\/www.facebook.com\/winneryachts\" \/>\n<meta property=\"article:modified_time\" content=\"2024-04-24T07:54:59+00:00\" \/>\n<meta property=\"og:image\" content=\"https:\/\/winneryachts.com\/wp-content\/uploads\/2022\/10\/NGU_2036_cut_final-1-scaled.jpg\" \/>\n\t<meta property=\"og:image:width\" content=\"1920\" \/>\n\t<meta property=\"og:image:height\" content=\"855\" \/>\n\t<meta property=\"og:image:type\" content=\"image\/jpeg\" \/>\n<meta name=\"twitter:card\" content=\"summary_large_image\" \/>\n<meta name=\"twitter:label1\" content=\"Est. reading time\" \/>\n\t<meta name=\"twitter:data1\" content=\"1 minute\" \/>\n<script type=\"application\/ld+json\" class=\"yoast-schema-graph\">{\"@context\":\"https:\\\/\\\/schema.org\",\"@graph\":[{\"@type\":\"WebPage\",\"@id\":\"https:\\\/\\\/winneryachts.com\\\/news\\\/\",\"url\":\"https:\\\/\\\/winneryachts.com\\\/news\\\/\",\"name\":\"Neuigkeiten von Winner Yachts\",\"isPartOf\":{\"@id\":\"https:\\\/\\\/winneryachts.com\\\/#website\"},\"datePublished\":\"2022-09-13T13:50:47+00:00\",\"dateModified\":\"2024-04-24T07:54:59+00:00\",\"description\":\"Entdecken Sie die neuesten Neuigkeiten von Winner Yachts. Erfahren Sie mehr \u00fcber die Innovationen und spannenden Entwicklungen der Marke.\",\"breadcrumb\":{\"@id\":\"https:\\\/\\\/winneryachts.com\\\/news\\\/#breadcrumb\"},\"inLanguage\":\"en-US\",\"potentialAction\":[{\"@type\":\"ReadAction\",\"target\":[\"https:\\\/\\\/winneryachts.com\\\/news\\\/\"]}]},{\"@type\":\"BreadcrumbList\",\"@id\":\"https:\\\/\\\/winneryachts.com\\\/news\\\/#breadcrumb\",\"itemListElement\":[{\"@type\":\"ListItem\",\"position\":1,\"name\":\"Startseite\",\"item\":\"https:\\\/\\\/winneryachts.com\\\/\"},{\"@type\":\"ListItem\",\"position\":2,\"name\":\"NEWS\"}]},{\"@type\":\"WebSite\",\"@id\":\"https:\\\/\\\/winneryachts.com\\\/#website\",\"url\":\"https:\\\/\\\/winneryachts.com\\\/\",\"name\":\"Winner Yachts - zeitlose Segelyachten\",\"description\":\"Winner Yachts ist eine handwerklich gepr\u00e4gte und regionale Marke\",\"publisher\":{\"@id\":\"https:\\\/\\\/winneryachts.com\\\/#organization\"},\"alternateName\":\"Winner Yachts\",\"potentialAction\":[{\"@type\":\"SearchAction\",\"target\":{\"@type\":\"EntryPoint\",\"urlTemplate\":\"https:\\\/\\\/winneryachts.com\\\/?s={search_term_string}\"},\"query-input\":{\"@type\":\"PropertyValueSpecification\",\"valueRequired\":true,\"valueName\":\"search_term_string\"}}],\"inLanguage\":\"en-US\"},{\"@type\":\"Organization\",\"@id\":\"https:\\\/\\\/winneryachts.com\\\/#organization\",\"name\":\"WINNER YACHTS GMBH\",\"url\":\"https:\\\/\\\/winneryachts.com\\\/\",\"logo\":{\"@type\":\"ImageObject\",\"inLanguage\":\"en-US\",\"@id\":\"https:\\\/\\\/winneryachts.com\\\/#\\\/schema\\\/logo\\\/image\\\/\",\"url\":\"https:\\\/\\\/winneryachts.com\\\/wp-content\\\/uploads\\\/2022\\\/11\\\/logo_winner_top.gif\",\"contentUrl\":\"https:\\\/\\\/winneryachts.com\\\/wp-content\\\/uploads\\\/2022\\\/11\\\/logo_winner_top.gif\",\"width\":173,\"height\":65,\"caption\":\"WINNER YACHTS GMBH\"},\"image\":{\"@id\":\"https:\\\/\\\/winneryachts.com\\\/#\\\/schema\\\/logo\\\/image\\\/\"},\"sameAs\":[\"https:\\\/\\\/www.facebook.com\\\/winneryachts\",\"https:\\\/\\\/www.instagram.com\\\/winneryachts\\\/\"]}]}<\/script>\n<!-- \/ Yoast SEO plugin. -->","yoast_head_json":{"title":"Neuigkeiten von Winner Yachts","description":"Entdecken Sie die neuesten Neuigkeiten von Winner Yachts. Erfahren Sie mehr \u00fcber die Innovationen und spannenden Entwicklungen der Marke.","robots":{"index":"index","follow":"follow","max-snippet":"max-snippet:-1","max-image-preview":"max-image-preview:large","max-video-preview":"max-video-preview:-1"},"canonical":"https:\/\/winneryachts.com\/en\/news\/","og_locale":"en_US","og_type":"article","og_title":"Neuigkeiten von Winner Yachts","og_description":"Entdecken Sie die neuesten Neuigkeiten von Winner Yachts. Erfahren Sie mehr \u00fcber die Innovationen und spannenden Entwicklungen der Marke.","og_url":"https:\/\/winneryachts.com\/en\/news\/","og_site_name":"Winner Yachts - zeitlose Segelyachten","article_publisher":"https:\/\/www.facebook.com\/winneryachts","article_modified_time":"2024-04-24T07:54:59+00:00","og_image":[{"width":1920,"height":855,"url":"https:\/\/winneryachts.com\/wp-content\/uploads\/2022\/10\/NGU_2036_cut_final-1-scaled.jpg","type":"image\/jpeg"}],"twitter_card":"summary_large_image","twitter_misc":{"Est. reading time":"1 minute"},"schema":{"@context":"https:\/\/schema.org","@graph":[{"@type":"WebPage","@id":"https:\/\/winneryachts.com\/news\/","url":"https:\/\/winneryachts.com\/news\/","name":"Neuigkeiten von Winner Yachts","isPartOf":{"@id":"https:\/\/winneryachts.com\/#website"},"datePublished":"2022-09-13T13:50:47+00:00","dateModified":"2024-04-24T07:54:59+00:00","description":"Entdecken Sie die neuesten Neuigkeiten von Winner Yachts. Erfahren Sie mehr \u00fcber die Innovationen und spannenden Entwicklungen der Marke.","breadcrumb":{"@id":"https:\/\/winneryachts.com\/news\/#breadcrumb"},"inLanguage":"en-US","potentialAction":[{"@type":"ReadAction","target":["https:\/\/winneryachts.com\/news\/"]}]},{"@type":"BreadcrumbList","@id":"https:\/\/winneryachts.com\/news\/#breadcrumb","itemListElement":[{"@type":"ListItem","position":1,"name":"Startseite","item":"https:\/\/winneryachts.com\/"},{"@type":"ListItem","position":2,"name":"NEWS"}]},{"@type":"WebSite","@id":"https:\/\/winneryachts.com\/#website","url":"https:\/\/winneryachts.com\/","name":"Winner Yachts - zeitlose Segelyachten","description":"Winner Yachts ist eine handwerklich gepr\u00e4gte und regionale Marke","publisher":{"@id":"https:\/\/winneryachts.com\/#organization"},"alternateName":"Winner Yachts","potentialAction":[{"@type":"SearchAction","target":{"@type":"EntryPoint","urlTemplate":"https:\/\/winneryachts.com\/?s={search_term_string}"},"query-input":{"@type":"PropertyValueSpecification","valueRequired":true,"valueName":"search_term_string"}}],"inLanguage":"en-US"},{"@type":"Organization","@id":"https:\/\/winneryachts.com\/#organization","name":"WINNER YACHTS GMBH","url":"https:\/\/winneryachts.com\/","logo":{"@type":"ImageObject","inLanguage":"en-US","@id":"https:\/\/winneryachts.com\/#\/schema\/logo\/image\/","url":"https:\/\/winneryachts.com\/wp-content\/uploads\/2022\/11\/logo_winner_top.gif","contentUrl":"https:\/\/winneryachts.com\/wp-content\/uploads\/2022\/11\/logo_winner_top.gif","width":173,"height":65,"caption":"WINNER YACHTS GMBH"},"image":{"@id":"https:\/\/winneryachts.com\/#\/schema\/logo\/image\/"},"sameAs":["https:\/\/www.facebook.com\/winneryachts","https:\/\/www.instagram.com\/winneryachts\/"]}]}},"_links":{"self":[{"href":"https:\/\/winneryachts.com\/en\/wp-json\/wp\/v2\/pages\/833","targetHints":{"allow":["GET"]}}],"collection":[{"href":"https:\/\/winneryachts.com\/en\/wp-json\/wp\/v2\/pages"}],"about":[{"href":"https:\/\/winneryachts.com\/en\/wp-json\/wp\/v2\/types\/page"}],"author":[{"embeddable":true,"href":"https:\/\/winneryachts.com\/en\/wp-json\/wp\/v2\/users\/1"}],"replies":[{"embeddable":true,"href":"https:\/\/winneryachts.com\/en\/wp-json\/wp\/v2\/comments?post=833"}],"version-history":[{"count":9,"href":"https:\/\/winneryachts.com\/en\/wp-json\/wp\/v2\/pages\/833\/revisions"}],"predecessor-version":[{"id":1432,"href":"https:\/\/winneryachts.com\/en\/wp-json\/wp\/v2\/pages\/833\/revisions\/1432"}],"wp:attachment":[{"href":"https:\/\/winneryachts.com\/en\/wp-json\/wp\/v2\/media?parent=833"}],"curies":[{"name":"wp","href":"https:\/\/api.w.org\/{rel}","templated":true}]}}