{"id":4539,"date":"2024-04-18T22:09:36","date_gmt":"2024-04-18T20:09:36","guid":{"rendered":"https:\/\/winneryachts.com\/?page_id=4539"},"modified":"2024-04-24T10:08:06","modified_gmt":"2024-04-24T08:08:06","slug":"winner-900","status":"publish","type":"page","link":"https:\/\/winneryachts.com\/en\/winner-900\/","title":{"rendered":"WINNER 9 ELECTRIC"},"content":{"rendered":"","protected":false},"excerpt":{"rendered":"","protected":false},"author":1,"featured_media":0,"parent":0,"menu_order":0,"comment_status":"closed","ping_status":"closed","template":"","meta":{"inline_featured_image":false,"footnotes":""},"class_list":["post-4539","page","type-page","status-publish","hentry"],"yoast_head":"<!-- This site is optimized with the Yoast SEO plugin v27.6 - https:\/\/yoast.com\/product\/yoast-seo-wordpress\/ -->\n<title>Die Winner 9 - konsequent und wertbest\u00e4ndig: Ein Erfolgsrezept - Winner Yachts - zeitlose Segelyachten<\/title>\n<meta name=\"description\" content=\"W\u00e4hlen Sie die Winner 9 f\u00fcr Zuverl\u00e4ssigkeit und Werthaltigkeit. Erfahren Sie hier mehr \u00fcber diese perfekte Segelyacht.\" \/>\n<meta name=\"robots\" content=\"index, follow, max-snippet:-1, max-image-preview:large, max-video-preview:-1\" \/>\n<link rel=\"canonical\" href=\"https:\/\/winneryachts.com\/en\/winner-900\/\" \/>\n<meta property=\"og:locale\" content=\"en_US\" \/>\n<meta property=\"og:type\" content=\"article\" \/>\n<meta property=\"og:title\" content=\"Die Winner 9 - konsequent und wertbest\u00e4ndig: Ein Erfolgsrezept - Winner Yachts - zeitlose Segelyachten\" \/>\n<meta property=\"og:description\" content=\"W\u00e4hlen Sie die Winner 9 f\u00fcr Zuverl\u00e4ssigkeit und Werthaltigkeit. Erfahren Sie hier mehr \u00fcber diese perfekte Segelyacht.\" \/>\n<meta property=\"og:url\" content=\"https:\/\/winneryachts.com\/en\/winner-900\/\" \/>\n<meta property=\"og:site_name\" content=\"Winner Yachts - zeitlose Segelyachten\" \/>\n<meta property=\"article:publisher\" content=\"https:\/\/www.facebook.com\/winneryachts\" \/>\n<meta property=\"article:modified_time\" content=\"2024-04-24T08:08:06+00:00\" \/>\n<meta property=\"og:image\" content=\"https:\/\/winneryachts.com\/wp-content\/uploads\/2022\/10\/NGU_2036_cut_final-1-scaled.jpg\" \/>\n\t<meta property=\"og:image:width\" content=\"1920\" \/>\n\t<meta property=\"og:image:height\" content=\"855\" \/>\n\t<meta property=\"og:image:type\" content=\"image\/jpeg\" \/>\n<meta name=\"twitter:card\" content=\"summary_large_image\" \/>\n<script type=\"application\/ld+json\" class=\"yoast-schema-graph\">{\"@context\":\"https:\\\/\\\/schema.org\",\"@graph\":[{\"@type\":\"WebPage\",\"@id\":\"https:\\\/\\\/winneryachts.com\\\/winner-900\\\/\",\"url\":\"https:\\\/\\\/winneryachts.com\\\/winner-900\\\/\",\"name\":\"Die Winner 9 - konsequent und wertbest\u00e4ndig: Ein Erfolgsrezept - Winner Yachts - zeitlose Segelyachten\",\"isPartOf\":{\"@id\":\"https:\\\/\\\/winneryachts.com\\\/#website\"},\"datePublished\":\"2024-04-18T20:09:36+00:00\",\"dateModified\":\"2024-04-24T08:08:06+00:00\",\"description\":\"W\u00e4hlen Sie die Winner 9 f\u00fcr Zuverl\u00e4ssigkeit und Werthaltigkeit. Erfahren Sie hier mehr \u00fcber diese perfekte Segelyacht.\",\"breadcrumb\":{\"@id\":\"https:\\\/\\\/winneryachts.com\\\/winner-900\\\/#breadcrumb\"},\"inLanguage\":\"en-US\",\"potentialAction\":[{\"@type\":\"ReadAction\",\"target\":[\"https:\\\/\\\/winneryachts.com\\\/winner-900\\\/\"]}]},{\"@type\":\"BreadcrumbList\",\"@id\":\"https:\\\/\\\/winneryachts.com\\\/winner-900\\\/#breadcrumb\",\"itemListElement\":[{\"@type\":\"ListItem\",\"position\":1,\"name\":\"Startseite\",\"item\":\"https:\\\/\\\/winneryachts.com\\\/\"},{\"@type\":\"ListItem\",\"position\":2,\"name\":\"WINNER 9 ELECTRIC\"}]},{\"@type\":\"WebSite\",\"@id\":\"https:\\\/\\\/winneryachts.com\\\/#website\",\"url\":\"https:\\\/\\\/winneryachts.com\\\/\",\"name\":\"Winner Yachts - zeitlose Segelyachten\",\"description\":\"Winner Yachts ist eine handwerklich gepr\u00e4gte und regionale Marke\",\"publisher\":{\"@id\":\"https:\\\/\\\/winneryachts.com\\\/#organization\"},\"alternateName\":\"Winner Yachts\",\"potentialAction\":[{\"@type\":\"SearchAction\",\"target\":{\"@type\":\"EntryPoint\",\"urlTemplate\":\"https:\\\/\\\/winneryachts.com\\\/?s={search_term_string}\"},\"query-input\":{\"@type\":\"PropertyValueSpecification\",\"valueRequired\":true,\"valueName\":\"search_term_string\"}}],\"inLanguage\":\"en-US\"},{\"@type\":\"Organization\",\"@id\":\"https:\\\/\\\/winneryachts.com\\\/#organization\",\"name\":\"WINNER YACHTS GMBH\",\"url\":\"https:\\\/\\\/winneryachts.com\\\/\",\"logo\":{\"@type\":\"ImageObject\",\"inLanguage\":\"en-US\",\"@id\":\"https:\\\/\\\/winneryachts.com\\\/#\\\/schema\\\/logo\\\/image\\\/\",\"url\":\"https:\\\/\\\/winneryachts.com\\\/wp-content\\\/uploads\\\/2022\\\/11\\\/logo_winner_top.gif\",\"contentUrl\":\"https:\\\/\\\/winneryachts.com\\\/wp-content\\\/uploads\\\/2022\\\/11\\\/logo_winner_top.gif\",\"width\":173,\"height\":65,\"caption\":\"WINNER YACHTS GMBH\"},\"image\":{\"@id\":\"https:\\\/\\\/winneryachts.com\\\/#\\\/schema\\\/logo\\\/image\\\/\"},\"sameAs\":[\"https:\\\/\\\/www.facebook.com\\\/winneryachts\",\"https:\\\/\\\/www.instagram.com\\\/winneryachts\\\/\"]}]}<\/script>\n<!-- \/ Yoast SEO plugin. -->","yoast_head_json":{"title":"Die Winner 9 - konsequent und wertbest\u00e4ndig: Ein Erfolgsrezept - Winner Yachts - zeitlose Segelyachten","description":"W\u00e4hlen Sie die Winner 9 f\u00fcr Zuverl\u00e4ssigkeit und Werthaltigkeit. Erfahren Sie hier mehr \u00fcber diese perfekte Segelyacht.","robots":{"index":"index","follow":"follow","max-snippet":"max-snippet:-1","max-image-preview":"max-image-preview:large","max-video-preview":"max-video-preview:-1"},"canonical":"https:\/\/winneryachts.com\/en\/winner-900\/","og_locale":"en_US","og_type":"article","og_title":"Die Winner 9 - konsequent und wertbest\u00e4ndig: Ein Erfolgsrezept - Winner Yachts - zeitlose Segelyachten","og_description":"W\u00e4hlen Sie die Winner 9 f\u00fcr Zuverl\u00e4ssigkeit und Werthaltigkeit. Erfahren Sie hier mehr \u00fcber diese perfekte Segelyacht.","og_url":"https:\/\/winneryachts.com\/en\/winner-900\/","og_site_name":"Winner Yachts - zeitlose Segelyachten","article_publisher":"https:\/\/www.facebook.com\/winneryachts","article_modified_time":"2024-04-24T08:08:06+00:00","og_image":[{"width":1920,"height":855,"url":"https:\/\/winneryachts.com\/wp-content\/uploads\/2022\/10\/NGU_2036_cut_final-1-scaled.jpg","type":"image\/jpeg"}],"twitter_card":"summary_large_image","schema":{"@context":"https:\/\/schema.org","@graph":[{"@type":"WebPage","@id":"https:\/\/winneryachts.com\/winner-900\/","url":"https:\/\/winneryachts.com\/winner-900\/","name":"Die Winner 9 - konsequent und wertbest\u00e4ndig: Ein Erfolgsrezept - Winner Yachts - zeitlose Segelyachten","isPartOf":{"@id":"https:\/\/winneryachts.com\/#website"},"datePublished":"2024-04-18T20:09:36+00:00","dateModified":"2024-04-24T08:08:06+00:00","description":"W\u00e4hlen Sie die Winner 9 f\u00fcr Zuverl\u00e4ssigkeit und Werthaltigkeit. Erfahren Sie hier mehr \u00fcber diese perfekte Segelyacht.","breadcrumb":{"@id":"https:\/\/winneryachts.com\/winner-900\/#breadcrumb"},"inLanguage":"en-US","potentialAction":[{"@type":"ReadAction","target":["https:\/\/winneryachts.com\/winner-900\/"]}]},{"@type":"BreadcrumbList","@id":"https:\/\/winneryachts.com\/winner-900\/#breadcrumb","itemListElement":[{"@type":"ListItem","position":1,"name":"Startseite","item":"https:\/\/winneryachts.com\/"},{"@type":"ListItem","position":2,"name":"WINNER 9 ELECTRIC"}]},{"@type":"WebSite","@id":"https:\/\/winneryachts.com\/#website","url":"https:\/\/winneryachts.com\/","name":"Winner Yachts - zeitlose Segelyachten","description":"Winner Yachts ist eine handwerklich gepr\u00e4gte und regionale Marke","publisher":{"@id":"https:\/\/winneryachts.com\/#organization"},"alternateName":"Winner Yachts","potentialAction":[{"@type":"SearchAction","target":{"@type":"EntryPoint","urlTemplate":"https:\/\/winneryachts.com\/?s={search_term_string}"},"query-input":{"@type":"PropertyValueSpecification","valueRequired":true,"valueName":"search_term_string"}}],"inLanguage":"en-US"},{"@type":"Organization","@id":"https:\/\/winneryachts.com\/#organization","name":"WINNER YACHTS GMBH","url":"https:\/\/winneryachts.com\/","logo":{"@type":"ImageObject","inLanguage":"en-US","@id":"https:\/\/winneryachts.com\/#\/schema\/logo\/image\/","url":"https:\/\/winneryachts.com\/wp-content\/uploads\/2022\/11\/logo_winner_top.gif","contentUrl":"https:\/\/winneryachts.com\/wp-content\/uploads\/2022\/11\/logo_winner_top.gif","width":173,"height":65,"caption":"WINNER YACHTS GMBH"},"image":{"@id":"https:\/\/winneryachts.com\/#\/schema\/logo\/image\/"},"sameAs":["https:\/\/www.facebook.com\/winneryachts","https:\/\/www.instagram.com\/winneryachts\/"]}]}},"_links":{"self":[{"href":"https:\/\/winneryachts.com\/en\/wp-json\/wp\/v2\/pages\/4539","targetHints":{"allow":["GET"]}}],"collection":[{"href":"https:\/\/winneryachts.com\/en\/wp-json\/wp\/v2\/pages"}],"about":[{"href":"https:\/\/winneryachts.com\/en\/wp-json\/wp\/v2\/types\/page"}],"author":[{"embeddable":true,"href":"https:\/\/winneryachts.com\/en\/wp-json\/wp\/v2\/users\/1"}],"replies":[{"embeddable":true,"href":"https:\/\/winneryachts.com\/en\/wp-json\/wp\/v2\/comments?post=4539"}],"version-history":[{"count":2,"href":"https:\/\/winneryachts.com\/en\/wp-json\/wp\/v2\/pages\/4539\/revisions"}],"predecessor-version":[{"id":4653,"href":"https:\/\/winneryachts.com\/en\/wp-json\/wp\/v2\/pages\/4539\/revisions\/4653"}],"wp:attachment":[{"href":"https:\/\/winneryachts.com\/en\/wp-json\/wp\/v2\/media?parent=4539"}],"curies":[{"name":"wp","href":"https:\/\/api.w.org\/{rel}","templated":true}]}}