{"id":3507,"date":"2022-10-28T17:32:49","date_gmt":"2022-10-28T15:32:49","guid":{"rendered":"https:\/\/winneryachts.com\/?page_id=3507"},"modified":"2024-02-05T15:40:30","modified_gmt":"2024-02-05T14:40:30","slug":"newsletter_mobil","status":"publish","type":"page","link":"https:\/\/winneryachts.com\/en\/newsletter_mobil\/","title":{"rendered":"Newsletter_Mobil"},"content":{"rendered":"<div data-elementor-type=\"wp-page\" data-elementor-id=\"3507\" class=\"elementor elementor-3507\" data-elementor-post-type=\"page\">\n\t\t\t\t\t\t<section class=\"elementor-section elementor-top-section elementor-element elementor-element-748a5f82 elementor-section-boxed elementor-section-height-default elementor-section-height-default\" data-id=\"748a5f82\" data-element_type=\"section\" data-e-type=\"section\">\n\t\t\t\t\t\t<div class=\"elementor-container elementor-column-gap-default\">\n\t\t\t\t\t<div class=\"elementor-column elementor-col-100 elementor-top-column elementor-element elementor-element-4430f46d\" data-id=\"4430f46d\" data-element_type=\"column\" data-e-type=\"column\">\n\t\t\t<div class=\"elementor-widget-wrap elementor-element-populated\">\n\t\t\t\t\t\t<div class=\"elementor-element elementor-element-2b1b2543 elementor-widget elementor-widget-text-editor\" data-id=\"2b1b2543\" data-element_type=\"widget\" data-e-type=\"widget\" data-widget_type=\"text-editor.default\">\n\t\t\t\t<div class=\"elementor-widget-container\">\n\t\t\t\t\t\t\t\t\t<form class=\"\" style=\"display: block;\" action=\"\">\n<div class=\"\">\n<div class=\"\" style=\"margin-top: 15px;\">\n<div class=\"\"><label class=\"\" for=\"XHETORSH\">E-Mail<\/label><\/div>\n<div class=\"\"><input id=\"XHETORSH\" class=\"required\" style=\"padding: 5px 10px; border-radius: 2px; border: 1px solid #d8dee4;\" required=\"\" type=\"email\" placeholder=\"E-Mail\" \/><\/div>\n<\/div>\n<div class=\"\" style=\"margin-top: 15px;\">\n<div class=\"\"><label class=\"\" for=\"SnO1IxxQ\">Name*<\/label><\/div>\n<div class=\"\"><input id=\"SnO1IxxQ\" class=\"\" style=\"padding: 5px 10px; border-radius: 2px; border: 1px solid #d8dee4;\" type=\"text\" placeholder=\"\" \/><\/div>\n<\/div>\n<div class=\"\" style=\"margin-top: 15px;\">\n<div class=\"\"><label class=\"\" for=\"V5xcbgxQ\">Surname*<\/label><\/div>\n<div class=\"\"><input id=\"V5xcbgxQ\" class=\"\" style=\"padding: 5px 10px; border-radius: 2px; border: 1px solid #d8dee4;\" type=\"text\" placeholder=\"\" \/><\/div>\n<\/div>\n<div class=\"checkbox-inline\" style=\"margin-top: 15px;\">\n<div class=\"\">\u00a0<\/div>\n<div class=\"\"><input id=\"rxL8M06O_0\" class=\"required\" name=\"rxL8M06O\" required=\"\" type=\"checkbox\" value=\"\" \/><label class=\"\" for=\"rxL8M06O_0\">I have read the <a href=\"https:\/\/winneryachts.com\/en\/datenschutzerklaerung\/\" target=\"_blank\" rel=\"noopener\">Privacy policy<\/a> and expressly accept it<\/label><\/div>\n<\/div>\n<div class=\"\" style=\"margin-top: 15px;\">\n<div class=\"\" style=\"width: 100%;\">\n<div style=\"display: block; position: relative; padding: 10px 10px 10px 80px;\" class=\"translation-block\"><img style=\"width: 60px;position: absolute;left: 0px;top: 20px\" src=\"https:\/\/files.newsletter2go.com\/forms\/gdpr\/gdpr_lock.png\">We use Newsletter2Go as software for sending our newsletter. As part of this registration, you agree that the data you enter will be transmitted to Sendinblue GmbH. Please note the <a href=\"https:\/\/nl2go-prod-api-account.s3.eu-central-1.amazonaws.com\/app_files\/de\/N2G_DSE.pdf\" target=\"_blank\" rel=\"noopener\">Data protection regulations<\/a> and <a href=\"https:\/\/nl2go-prod-api-account.s3.eu-central-1.amazonaws.com\/app_files\/de\/N2G_AGB.pdf\" target=\"_blank\" rel=\"noopener\">General Terms and Conditions<\/a> of Sendinblue GmbH.<\/div>\n<\/div>\n<\/div>\n<div class=\"\" style=\"margin-top: 15px;\">\n<div class=\"\">\u00a0<\/div>\n<div class=\"\"><button class=\"\" style=\"background-color: #00baff; border: none; border-radius: 4px; padding: 10px 20px; color: #ffffff; margin-top: 20px; cursor: pointer; min-width: 150px;\" type=\"submit\">Abschicken<\/button><\/div>\t\t\t\t\t\t\t\t<\/div>\n\t\t\t\t<\/div>\n\t\t\t\t\t<input type=\"hidden\" name=\"trp-form-language\" value=\"en\"\/><\/div>\n\t\t<\/div>\n\t\t\t\t\t<\/div>\n\t\t<\/section>\n\t\t\t\t<\/div>","protected":false},"excerpt":{"rendered":"<p>E-Mail Vorname Nachname \u00a0 Ich habe die Datenschutzbestimmungen gelesen und erkenne diese ausdr\u00fccklich an. Wir nutzen Newsletter2Go als Software f\u00fcr die Versendung unserer Newsletter. Im Rahmen dieser Anmeldung erkl\u00e4ren Sie sich einverstanden, dass Ihre eingegebenen Daten an die Sendinblue GmbH \u00fcbermittelt werden. Bitte beachten Sie die Datenschutzbestimmungen und Allgemeinen Gesch\u00e4ftsbedingungen der Sendinblue GmbH. \u00a0 Abschicken<\/p>","protected":false},"author":1,"featured_media":0,"parent":0,"menu_order":0,"comment_status":"closed","ping_status":"closed","template":"elementor_header_footer","meta":{"inline_featured_image":false,"footnotes":""},"class_list":["post-3507","page","type-page","status-publish","hentry"],"yoast_head":"<!-- This site is optimized with the Yoast SEO plugin v27.5 - https:\/\/yoast.com\/product\/yoast-seo-wordpress\/ -->\n<title>Newsletter Anmeldung<\/title>\n<meta name=\"robots\" content=\"index, follow, max-snippet:-1, max-image-preview:large, max-video-preview:-1\" \/>\n<link rel=\"canonical\" href=\"https:\/\/winneryachts.com\/en\/newsletter_mobil\/\" \/>\n<meta property=\"og:locale\" content=\"en_US\" \/>\n<meta property=\"og:type\" content=\"article\" \/>\n<meta property=\"og:title\" content=\"Newsletter Anmeldung\" \/>\n<meta property=\"og:description\" content=\"E-Mail Vorname Nachname \u00a0 Ich habe die Datenschutzbestimmungen gelesen und erkenne diese ausdr\u00fccklich an. Wir nutzen Newsletter2Go als Software f\u00fcr die Versendung unserer Newsletter. Im Rahmen dieser Anmeldung erkl\u00e4ren Sie sich einverstanden, dass Ihre eingegebenen Daten an die Sendinblue GmbH \u00fcbermittelt werden. Bitte beachten Sie die Datenschutzbestimmungen und Allgemeinen Gesch\u00e4ftsbedingungen der Sendinblue GmbH. \u00a0 Abschicken\" \/>\n<meta property=\"og:url\" content=\"https:\/\/winneryachts.com\/en\/newsletter_mobil\/\" \/>\n<meta property=\"og:site_name\" content=\"Winner Yachts - zeitlose Segelyachten\" \/>\n<meta property=\"article:publisher\" content=\"https:\/\/www.facebook.com\/winneryachts\" \/>\n<meta property=\"article:modified_time\" content=\"2024-02-05T14:40:30+00:00\" \/>\n<meta property=\"og:image\" content=\"https:\/\/files.newsletter2go.com\/forms\/gdpr\/gdpr_lock.png\" \/>\n<meta name=\"twitter:card\" content=\"summary_large_image\" \/>\n<meta name=\"twitter:label1\" content=\"Est. reading time\" \/>\n\t<meta name=\"twitter:data1\" content=\"1 minute\" \/>\n<script type=\"application\/ld+json\" class=\"yoast-schema-graph\">{\"@context\":\"https:\\\/\\\/schema.org\",\"@graph\":[{\"@type\":\"WebPage\",\"@id\":\"https:\\\/\\\/winneryachts.com\\\/newsletter_mobil\\\/\",\"url\":\"https:\\\/\\\/winneryachts.com\\\/newsletter_mobil\\\/\",\"name\":\"Newsletter Anmeldung\",\"isPartOf\":{\"@id\":\"https:\\\/\\\/winneryachts.com\\\/#website\"},\"primaryImageOfPage\":{\"@id\":\"https:\\\/\\\/winneryachts.com\\\/newsletter_mobil\\\/#primaryimage\"},\"image\":{\"@id\":\"https:\\\/\\\/winneryachts.com\\\/newsletter_mobil\\\/#primaryimage\"},\"thumbnailUrl\":\"https:\\\/\\\/files.newsletter2go.com\\\/forms\\\/gdpr\\\/gdpr_lock.png\",\"datePublished\":\"2022-10-28T15:32:49+00:00\",\"dateModified\":\"2024-02-05T14:40:30+00:00\",\"breadcrumb\":{\"@id\":\"https:\\\/\\\/winneryachts.com\\\/newsletter_mobil\\\/#breadcrumb\"},\"inLanguage\":\"en-US\",\"potentialAction\":[{\"@type\":\"ReadAction\",\"target\":[\"https:\\\/\\\/winneryachts.com\\\/newsletter_mobil\\\/\"]}]},{\"@type\":\"ImageObject\",\"inLanguage\":\"en-US\",\"@id\":\"https:\\\/\\\/winneryachts.com\\\/newsletter_mobil\\\/#primaryimage\",\"url\":\"https:\\\/\\\/files.newsletter2go.com\\\/forms\\\/gdpr\\\/gdpr_lock.png\",\"contentUrl\":\"https:\\\/\\\/files.newsletter2go.com\\\/forms\\\/gdpr\\\/gdpr_lock.png\"},{\"@type\":\"BreadcrumbList\",\"@id\":\"https:\\\/\\\/winneryachts.com\\\/newsletter_mobil\\\/#breadcrumb\",\"itemListElement\":[{\"@type\":\"ListItem\",\"position\":1,\"name\":\"Startseite\",\"item\":\"https:\\\/\\\/winneryachts.com\\\/\"},{\"@type\":\"ListItem\",\"position\":2,\"name\":\"Newsletter_Mobil\"}]},{\"@type\":\"WebSite\",\"@id\":\"https:\\\/\\\/winneryachts.com\\\/#website\",\"url\":\"https:\\\/\\\/winneryachts.com\\\/\",\"name\":\"Winner Yachts - zeitlose Segelyachten\",\"description\":\"Winner Yachts ist eine handwerklich gepr\u00e4gte und regionale Marke\",\"publisher\":{\"@id\":\"https:\\\/\\\/winneryachts.com\\\/#organization\"},\"alternateName\":\"Winner Yachts\",\"potentialAction\":[{\"@type\":\"SearchAction\",\"target\":{\"@type\":\"EntryPoint\",\"urlTemplate\":\"https:\\\/\\\/winneryachts.com\\\/?s={search_term_string}\"},\"query-input\":{\"@type\":\"PropertyValueSpecification\",\"valueRequired\":true,\"valueName\":\"search_term_string\"}}],\"inLanguage\":\"en-US\"},{\"@type\":\"Organization\",\"@id\":\"https:\\\/\\\/winneryachts.com\\\/#organization\",\"name\":\"WINNER YACHTS GMBH\",\"url\":\"https:\\\/\\\/winneryachts.com\\\/\",\"logo\":{\"@type\":\"ImageObject\",\"inLanguage\":\"en-US\",\"@id\":\"https:\\\/\\\/winneryachts.com\\\/#\\\/schema\\\/logo\\\/image\\\/\",\"url\":\"https:\\\/\\\/winneryachts.com\\\/wp-content\\\/uploads\\\/2022\\\/11\\\/logo_winner_top.gif\",\"contentUrl\":\"https:\\\/\\\/winneryachts.com\\\/wp-content\\\/uploads\\\/2022\\\/11\\\/logo_winner_top.gif\",\"width\":173,\"height\":65,\"caption\":\"WINNER YACHTS GMBH\"},\"image\":{\"@id\":\"https:\\\/\\\/winneryachts.com\\\/#\\\/schema\\\/logo\\\/image\\\/\"},\"sameAs\":[\"https:\\\/\\\/www.facebook.com\\\/winneryachts\",\"https:\\\/\\\/www.instagram.com\\\/winneryachts\\\/\"]}]}<\/script>\n<!-- \/ Yoast SEO plugin. -->","yoast_head_json":{"title":"Newsletter Anmeldung","robots":{"index":"index","follow":"follow","max-snippet":"max-snippet:-1","max-image-preview":"max-image-preview:large","max-video-preview":"max-video-preview:-1"},"canonical":"https:\/\/winneryachts.com\/en\/newsletter_mobil\/","og_locale":"en_US","og_type":"article","og_title":"Newsletter Anmeldung","og_description":"E-Mail Vorname Nachname \u00a0 Ich habe die Datenschutzbestimmungen gelesen und erkenne diese ausdr\u00fccklich an. Wir nutzen Newsletter2Go als Software f\u00fcr die Versendung unserer Newsletter. Im Rahmen dieser Anmeldung erkl\u00e4ren Sie sich einverstanden, dass Ihre eingegebenen Daten an die Sendinblue GmbH \u00fcbermittelt werden. Bitte beachten Sie die Datenschutzbestimmungen und Allgemeinen Gesch\u00e4ftsbedingungen der Sendinblue GmbH. \u00a0 Abschicken","og_url":"https:\/\/winneryachts.com\/en\/newsletter_mobil\/","og_site_name":"Winner Yachts - zeitlose Segelyachten","article_publisher":"https:\/\/www.facebook.com\/winneryachts","article_modified_time":"2024-02-05T14:40:30+00:00","og_image":[{"url":"https:\/\/files.newsletter2go.com\/forms\/gdpr\/gdpr_lock.png","type":"","width":"","height":""}],"twitter_card":"summary_large_image","twitter_misc":{"Est. reading time":"1 minute"},"schema":{"@context":"https:\/\/schema.org","@graph":[{"@type":"WebPage","@id":"https:\/\/winneryachts.com\/newsletter_mobil\/","url":"https:\/\/winneryachts.com\/newsletter_mobil\/","name":"Newsletter Anmeldung","isPartOf":{"@id":"https:\/\/winneryachts.com\/#website"},"primaryImageOfPage":{"@id":"https:\/\/winneryachts.com\/newsletter_mobil\/#primaryimage"},"image":{"@id":"https:\/\/winneryachts.com\/newsletter_mobil\/#primaryimage"},"thumbnailUrl":"https:\/\/files.newsletter2go.com\/forms\/gdpr\/gdpr_lock.png","datePublished":"2022-10-28T15:32:49+00:00","dateModified":"2024-02-05T14:40:30+00:00","breadcrumb":{"@id":"https:\/\/winneryachts.com\/newsletter_mobil\/#breadcrumb"},"inLanguage":"en-US","potentialAction":[{"@type":"ReadAction","target":["https:\/\/winneryachts.com\/newsletter_mobil\/"]}]},{"@type":"ImageObject","inLanguage":"en-US","@id":"https:\/\/winneryachts.com\/newsletter_mobil\/#primaryimage","url":"https:\/\/files.newsletter2go.com\/forms\/gdpr\/gdpr_lock.png","contentUrl":"https:\/\/files.newsletter2go.com\/forms\/gdpr\/gdpr_lock.png"},{"@type":"BreadcrumbList","@id":"https:\/\/winneryachts.com\/newsletter_mobil\/#breadcrumb","itemListElement":[{"@type":"ListItem","position":1,"name":"Startseite","item":"https:\/\/winneryachts.com\/"},{"@type":"ListItem","position":2,"name":"Newsletter_Mobil"}]},{"@type":"WebSite","@id":"https:\/\/winneryachts.com\/#website","url":"https:\/\/winneryachts.com\/","name":"Winner Yachts - zeitlose Segelyachten","description":"Winner Yachts ist eine handwerklich gepr\u00e4gte und regionale Marke","publisher":{"@id":"https:\/\/winneryachts.com\/#organization"},"alternateName":"Winner Yachts","potentialAction":[{"@type":"SearchAction","target":{"@type":"EntryPoint","urlTemplate":"https:\/\/winneryachts.com\/?s={search_term_string}"},"query-input":{"@type":"PropertyValueSpecification","valueRequired":true,"valueName":"search_term_string"}}],"inLanguage":"en-US"},{"@type":"Organization","@id":"https:\/\/winneryachts.com\/#organization","name":"WINNER YACHTS GMBH","url":"https:\/\/winneryachts.com\/","logo":{"@type":"ImageObject","inLanguage":"en-US","@id":"https:\/\/winneryachts.com\/#\/schema\/logo\/image\/","url":"https:\/\/winneryachts.com\/wp-content\/uploads\/2022\/11\/logo_winner_top.gif","contentUrl":"https:\/\/winneryachts.com\/wp-content\/uploads\/2022\/11\/logo_winner_top.gif","width":173,"height":65,"caption":"WINNER YACHTS GMBH"},"image":{"@id":"https:\/\/winneryachts.com\/#\/schema\/logo\/image\/"},"sameAs":["https:\/\/www.facebook.com\/winneryachts","https:\/\/www.instagram.com\/winneryachts\/"]}]}},"_links":{"self":[{"href":"https:\/\/winneryachts.com\/en\/wp-json\/wp\/v2\/pages\/3507","targetHints":{"allow":["GET"]}}],"collection":[{"href":"https:\/\/winneryachts.com\/en\/wp-json\/wp\/v2\/pages"}],"about":[{"href":"https:\/\/winneryachts.com\/en\/wp-json\/wp\/v2\/types\/page"}],"author":[{"embeddable":true,"href":"https:\/\/winneryachts.com\/en\/wp-json\/wp\/v2\/users\/1"}],"replies":[{"embeddable":true,"href":"https:\/\/winneryachts.com\/en\/wp-json\/wp\/v2\/comments?post=3507"}],"version-history":[{"count":19,"href":"https:\/\/winneryachts.com\/en\/wp-json\/wp\/v2\/pages\/3507\/revisions"}],"predecessor-version":[{"id":4326,"href":"https:\/\/winneryachts.com\/en\/wp-json\/wp\/v2\/pages\/3507\/revisions\/4326"}],"wp:attachment":[{"href":"https:\/\/winneryachts.com\/en\/wp-json\/wp\/v2\/media?parent=3507"}],"curies":[{"name":"wp","href":"https:\/\/api.w.org\/{rel}","templated":true}]}}