{"id":1583,"date":"2022-10-05T10:25:13","date_gmt":"2022-10-05T08:25:13","guid":{"rendered":"http:\/\/newsite.winneryachts.com\/?page_id=1583"},"modified":"2022-10-10T19:11:31","modified_gmt":"2022-10-10T17:11:31","slug":"impressum","status":"publish","type":"page","link":"https:\/\/winneryachts.com\/en\/impressum\/","title":{"rendered":"Imprint"},"content":{"rendered":"<div data-elementor-type=\"wp-page\" data-elementor-id=\"1583\" class=\"elementor elementor-1583\" data-elementor-post-type=\"page\">\n\t\t\t\t\t\t<section class=\"elementor-section elementor-top-section elementor-element elementor-element-d2b2631 elementor-section-boxed elementor-section-height-default elementor-section-height-default\" data-id=\"d2b2631\" data-element_type=\"section\" data-e-type=\"section\">\n\t\t\t\t\t\t<div class=\"elementor-container elementor-column-gap-default\">\n\t\t\t\t\t<div class=\"elementor-column elementor-col-100 elementor-top-column elementor-element elementor-element-1770653\" data-id=\"1770653\" data-element_type=\"column\" data-e-type=\"column\">\n\t\t\t<div class=\"elementor-widget-wrap elementor-element-populated\">\n\t\t\t\t\t\t<section class=\"elementor-section elementor-inner-section elementor-element elementor-element-78c85dd elementor-section-boxed elementor-section-height-default elementor-section-height-default\" data-id=\"78c85dd\" data-element_type=\"section\" data-e-type=\"section\">\n\t\t\t\t\t\t<div class=\"elementor-container elementor-column-gap-default\">\n\t\t\t\t\t<div class=\"elementor-column elementor-col-100 elementor-inner-column elementor-element elementor-element-b607e49\" data-id=\"b607e49\" data-element_type=\"column\" data-e-type=\"column\">\n\t\t\t<div class=\"elementor-widget-wrap elementor-element-populated\">\n\t\t\t\t\t\t<div class=\"elementor-element elementor-element-aeccf83 elementor-widget elementor-widget-heading\" data-id=\"aeccf83\" data-element_type=\"widget\" data-e-type=\"widget\" data-widget_type=\"heading.default\">\n\t\t\t\t<div class=\"elementor-widget-container\">\n\t\t\t\t\t<h2 class=\"elementor-heading-title elementor-size-default\">IMPRESSUM<\/h2>\t\t\t\t<\/div>\n\t\t\t\t<\/div>\n\t\t\t\t<div class=\"elementor-element elementor-element-a1b8b9a elementor-widget elementor-widget-text-editor\" data-id=\"a1b8b9a\" data-element_type=\"widget\" data-e-type=\"widget\" data-widget_type=\"text-editor.default\">\n\t\t\t\t<div class=\"elementor-widget-container\">\n\t\t\t\t\t\t\t\t\t<h2 style=\"font-family: 'Work Sans', sans-serif; font-weight: var( --e-global-typography-secondary-font-weight ); line-height: var( --e-global-typography-secondary-line-height ); color: #252525; font-size: var( --e-global-typography-secondary-font-size ); text-transform: var( --e-global-typography-secondary-text-transform ); font-style: normal; text-decoration-thickness: initial; text-decoration-style: initial; text-decoration-color: initial; letter-spacing: var( --e-global-typography-secondary-letter-spacing );\">Angaben gem\u00e4\u00df \u00a7 5 TMG<\/h2>\n<p>Winner Yachts GmbH<br>An der Wiek 7-15<br>Ancora Marina<br>23730 Neustadt in Holstein<\/p>\n<p><\/p>\n<h2>Vertreten durch den<\/h2>\n<p>gesch\u00e4ftsf\u00fchrenden Gesellschafter Christoph Becker<\/p>\n<p><\/p>\n<h2>Kontakt<\/h2>\n<p>Telefon: +49 4561 7149933<br>E-Mail: info@winneryachts.com<\/p>\n<p><\/p>\n<h2>Umsatzsteuer<\/h2>\n<p>Umsatzsteuer-Identifikationsnummer gem\u00e4\u00df \u00a727 a Umsatzsteuergesetz:<br>DE314781261<\/p>\n<p><\/p>\n<h2>Verantwortlich f\u00fcr den Inhalt nach \u00a7 55 Abs. 2 RStV<\/h2>\n<p>Christoph Becker<br>An der Wiek 7-15<br>23730 Neustadt<\/p>\n<p><\/p>\n<h2>Streitschlichtung<\/h2>\n<p>Die Europ\u00e4ische Kommission stellt eine Plattform zur Online-Streitbeilegung (OS) bereit:&nbsp;<a href=\"https:\/\/ec.europa.eu\/consumers\/odr\" target=\"_blank\" rel=\"noopener\">https:\/\/ec.europa.eu\/consumers\/odr<\/a>.<br>Unsere E-Mail-Adresse finden Sie oben im Impressum.<\/p>\n<p>Wir sind nicht bereit oder verpflichtet, an Streitbeilegungsverfahren vor einer Verbraucherschlichtungsstelle teilzunehmen.<\/p>\n<p><\/p>\n<h3>Haftung f\u00fcr Inhalte<\/h3>\n<p>Als Diensteanbieter sind wir gem\u00e4\u00df \u00a7 7 Abs.1 TMG f\u00fcr eigene Inhalte auf diesen Seiten nach den allgemeinen Gesetzen verantwortlich. Nach \u00a7\u00a7 8 bis 10 TMG sind wir als Diensteanbieter jedoch nicht verpflichtet, \u00fcbermittelte oder gespeicherte fremde Informationen zu \u00fcberwachen oder nach Umst\u00e4nden zu forschen, die auf eine rechtswidrige T\u00e4tigkeit hinweisen.<\/p>\n<p>Verpflichtungen zur Entfernung oder Sperrung der Nutzung von Informationen nach den allgemeinen Gesetzen bleiben hiervon unber\u00fchrt. Eine diesbez\u00fcgliche Haftung ist jedoch erst ab dem Zeitpunkt der Kenntnis einer konkreten Rechtsverletzung m\u00f6glich. Bei Bekanntwerden von entsprechenden Rechtsverletzungen werden wir diese Inhalte umgehend entfernen.<\/p>\n<p><\/p>\n<h3>Haftung f\u00fcr Links<\/h3>\n<p>Unser Angebot enth\u00e4lt Links zu externen Websites Dritter, auf deren Inhalte wir keinen Einfluss haben. Deshalb k\u00f6nnen wir f\u00fcr diese fremden Inhalte auch keine Gew\u00e4hr \u00fcbernehmen. F\u00fcr die Inhalte der verlinkten Seiten ist stets der jeweilige Anbieter oder Betreiber der Seiten verantwortlich. Die verlinkten Seiten wurden zum Zeitpunkt der Verlinkung auf m\u00f6gliche Rechtsverst\u00f6\u00dfe \u00fcberpr\u00fcft. Rechtswidrige Inhalte waren zum Zeitpunkt der Verlinkung nicht erkennbar.<\/p>\n<p>Eine permanente inhaltliche Kontrolle der verlinkten Seiten ist jedoch ohne konkrete Anhaltspunkte einer Rechtsverletzung nicht zumutbar. Bei Bekanntwerden von Rechtsverletzungen werden wir derartige Links umgehend entfernen.<\/p>\n<p><\/p>\n<h3>Urheberrecht<\/h3>\n<p>Die durch die Seitenbetreiber erstellten Inhalte und Werke auf diesen Seiten unterliegen dem deutschen Urheberrecht. Die Vervielf\u00e4ltigung, Bearbeitung, Verbreitung und jede Art der Verwertung au\u00dferhalb der Grenzen des Urheberrechtes bed\u00fcrfen der schriftlichen Zustimmung des jeweiligen Autors bzw. Erstellers. Downloads und Kopien dieser Seite sind nur f\u00fcr den privaten, nicht kommerziellen Gebrauch gestattet.<\/p>\n<p>Soweit die Inhalte auf dieser Seite nicht vom Betreiber erstellt wurden, werden die Urheberrechte Dritter beachtet. Insbesondere werden Inhalte Dritter als solche gekennzeichnet. Sollten Sie trotzdem auf eine Urheberrechtsverletzung aufmerksam werden, bitten wir um einen entsprechenden Hinweis. Bei Bekanntwerden von Rechtsverletzungen werden wir derartige Inhalte umgehend entfernen.<\/p>\n<h3>Fotos<\/h3>\n<p><\/p>\n<p>\u00a9 Werft<br>\u00a9 Nils G\u00fcnter<br>\u00a9 Oliver Schmidt<br><span style=\"letter-spacing: 0.1px;\">\u00a9 Andreas Cameron-M\u00f6glich<\/span><\/p>\n<p><\/p>\t\t\t\t\t\t\t\t<\/div>\n\t\t\t\t<\/div>\n\t\t\t\t\t<\/div>\n\t\t<\/div>\n\t\t\t\t\t<\/div>\n\t\t<\/section>\n\t\t\t\t\t<\/div>\n\t\t<\/div>\n\t\t\t\t\t<\/div>\n\t\t<\/section>\n\t\t\t\t<\/div>","protected":false},"excerpt":{"rendered":"<p>IMPRESSUM Angaben gem\u00e4\u00df \u00a7 5 TMG Winner Yachts GmbHAn der Wiek 7-15Ancora Marina23730 Neustadt in Holstein Vertreten durch den gesch\u00e4ftsf\u00fchrenden Gesellschafter Christoph Becker Kontakt Telefon: +49 4561 7149933E-Mail: info@winneryachts.com Umsatzsteuer Umsatzsteuer-Identifikationsnummer gem\u00e4\u00df \u00a727 a Umsatzsteuergesetz:DE314781261 Verantwortlich f\u00fcr den Inhalt nach \u00a7 55 Abs. 2 RStV Christoph BeckerAn der Wiek 7-1523730 Neustadt Streitschlichtung Die Europ\u00e4ische Kommission [&hellip;]<\/p>\n","protected":false},"author":1,"featured_media":0,"parent":0,"menu_order":0,"comment_status":"closed","ping_status":"closed","template":"","meta":{"inline_featured_image":false,"footnotes":""},"class_list":["post-1583","page","type-page","status-publish","hentry"],"yoast_head":"<!-- This site is optimized with the Yoast SEO plugin v27.4 - https:\/\/yoast.com\/product\/yoast-seo-wordpress\/ -->\n<title>Impressum - Winner Yachts - zeitlose Segelyachten<\/title>\n<meta name=\"robots\" content=\"index, follow, max-snippet:-1, max-image-preview:large, max-video-preview:-1\" \/>\n<link rel=\"canonical\" href=\"https:\/\/winneryachts.com\/en\/impressum\/\" \/>\n<meta property=\"og:locale\" content=\"en_US\" \/>\n<meta property=\"og:type\" content=\"article\" \/>\n<meta property=\"og:title\" content=\"Impressum - Winner Yachts - zeitlose Segelyachten\" \/>\n<meta property=\"og:description\" content=\"IMPRESSUM Angaben gem\u00e4\u00df \u00a7 5 TMG Winner Yachts GmbHAn der Wiek 7-15Ancora Marina23730 Neustadt in Holstein Vertreten durch den gesch\u00e4ftsf\u00fchrenden Gesellschafter Christoph Becker Kontakt Telefon: +49 4561 7149933E-Mail: info@winneryachts.com Umsatzsteuer Umsatzsteuer-Identifikationsnummer gem\u00e4\u00df \u00a727 a Umsatzsteuergesetz:DE314781261 Verantwortlich f\u00fcr den Inhalt nach \u00a7 55 Abs. 2 RStV Christoph BeckerAn der Wiek 7-1523730 Neustadt Streitschlichtung Die Europ\u00e4ische Kommission [&hellip;]\" \/>\n<meta property=\"og:url\" content=\"https:\/\/winneryachts.com\/en\/impressum\/\" \/>\n<meta property=\"og:site_name\" content=\"Winner Yachts - zeitlose Segelyachten\" \/>\n<meta property=\"article:publisher\" content=\"https:\/\/www.facebook.com\/winneryachts\" \/>\n<meta property=\"article:modified_time\" content=\"2022-10-10T17:11:31+00:00\" \/>\n<meta property=\"og:image\" content=\"https:\/\/winneryachts.com\/wp-content\/uploads\/2022\/10\/NGU_2036_cut_final-1-scaled.jpg\" \/>\n\t<meta property=\"og:image:width\" content=\"1920\" \/>\n\t<meta property=\"og:image:height\" content=\"855\" \/>\n\t<meta property=\"og:image:type\" content=\"image\/jpeg\" \/>\n<meta name=\"twitter:card\" content=\"summary_large_image\" \/>\n<meta name=\"twitter:label1\" content=\"Est. reading time\" \/>\n\t<meta name=\"twitter:data1\" content=\"2 minutes\" \/>\n<script type=\"application\/ld+json\" class=\"yoast-schema-graph\">{\"@context\":\"https:\\\/\\\/schema.org\",\"@graph\":[{\"@type\":\"WebPage\",\"@id\":\"https:\\\/\\\/winneryachts.com\\\/impressum\\\/\",\"url\":\"https:\\\/\\\/winneryachts.com\\\/impressum\\\/\",\"name\":\"Impressum - Winner Yachts - zeitlose Segelyachten\",\"isPartOf\":{\"@id\":\"https:\\\/\\\/winneryachts.com\\\/#website\"},\"datePublished\":\"2022-10-05T08:25:13+00:00\",\"dateModified\":\"2022-10-10T17:11:31+00:00\",\"breadcrumb\":{\"@id\":\"https:\\\/\\\/winneryachts.com\\\/impressum\\\/#breadcrumb\"},\"inLanguage\":\"en-US\",\"potentialAction\":[{\"@type\":\"ReadAction\",\"target\":[\"https:\\\/\\\/winneryachts.com\\\/impressum\\\/\"]}]},{\"@type\":\"BreadcrumbList\",\"@id\":\"https:\\\/\\\/winneryachts.com\\\/impressum\\\/#breadcrumb\",\"itemListElement\":[{\"@type\":\"ListItem\",\"position\":1,\"name\":\"Startseite\",\"item\":\"https:\\\/\\\/winneryachts.com\\\/\"},{\"@type\":\"ListItem\",\"position\":2,\"name\":\"Impressum\"}]},{\"@type\":\"WebSite\",\"@id\":\"https:\\\/\\\/winneryachts.com\\\/#website\",\"url\":\"https:\\\/\\\/winneryachts.com\\\/\",\"name\":\"Winner Yachts - zeitlose Segelyachten\",\"description\":\"Winner Yachts ist eine handwerklich gepr\u00e4gte und regionale Marke\",\"publisher\":{\"@id\":\"https:\\\/\\\/winneryachts.com\\\/#organization\"},\"alternateName\":\"Winner Yachts\",\"potentialAction\":[{\"@type\":\"SearchAction\",\"target\":{\"@type\":\"EntryPoint\",\"urlTemplate\":\"https:\\\/\\\/winneryachts.com\\\/?s={search_term_string}\"},\"query-input\":{\"@type\":\"PropertyValueSpecification\",\"valueRequired\":true,\"valueName\":\"search_term_string\"}}],\"inLanguage\":\"en-US\"},{\"@type\":\"Organization\",\"@id\":\"https:\\\/\\\/winneryachts.com\\\/#organization\",\"name\":\"WINNER YACHTS GMBH\",\"url\":\"https:\\\/\\\/winneryachts.com\\\/\",\"logo\":{\"@type\":\"ImageObject\",\"inLanguage\":\"en-US\",\"@id\":\"https:\\\/\\\/winneryachts.com\\\/#\\\/schema\\\/logo\\\/image\\\/\",\"url\":\"https:\\\/\\\/winneryachts.com\\\/wp-content\\\/uploads\\\/2022\\\/11\\\/logo_winner_top.gif\",\"contentUrl\":\"https:\\\/\\\/winneryachts.com\\\/wp-content\\\/uploads\\\/2022\\\/11\\\/logo_winner_top.gif\",\"width\":173,\"height\":65,\"caption\":\"WINNER YACHTS GMBH\"},\"image\":{\"@id\":\"https:\\\/\\\/winneryachts.com\\\/#\\\/schema\\\/logo\\\/image\\\/\"},\"sameAs\":[\"https:\\\/\\\/www.facebook.com\\\/winneryachts\",\"https:\\\/\\\/www.instagram.com\\\/winneryachts\\\/\"]}]}<\/script>\n<!-- \/ Yoast SEO plugin. -->","yoast_head_json":{"title":"Impressum - Winner Yachts - zeitlose Segelyachten","robots":{"index":"index","follow":"follow","max-snippet":"max-snippet:-1","max-image-preview":"max-image-preview:large","max-video-preview":"max-video-preview:-1"},"canonical":"https:\/\/winneryachts.com\/en\/impressum\/","og_locale":"en_US","og_type":"article","og_title":"Impressum - Winner Yachts - zeitlose Segelyachten","og_description":"IMPRESSUM Angaben gem\u00e4\u00df \u00a7 5 TMG Winner Yachts GmbHAn der Wiek 7-15Ancora Marina23730 Neustadt in Holstein Vertreten durch den gesch\u00e4ftsf\u00fchrenden Gesellschafter Christoph Becker Kontakt Telefon: +49 4561 7149933E-Mail: info@winneryachts.com Umsatzsteuer Umsatzsteuer-Identifikationsnummer gem\u00e4\u00df \u00a727 a Umsatzsteuergesetz:DE314781261 Verantwortlich f\u00fcr den Inhalt nach \u00a7 55 Abs. 2 RStV Christoph BeckerAn der Wiek 7-1523730 Neustadt Streitschlichtung Die Europ\u00e4ische Kommission [&hellip;]","og_url":"https:\/\/winneryachts.com\/en\/impressum\/","og_site_name":"Winner Yachts - zeitlose Segelyachten","article_publisher":"https:\/\/www.facebook.com\/winneryachts","article_modified_time":"2022-10-10T17:11:31+00:00","og_image":[{"width":1920,"height":855,"url":"https:\/\/winneryachts.com\/wp-content\/uploads\/2022\/10\/NGU_2036_cut_final-1-scaled.jpg","type":"image\/jpeg"}],"twitter_card":"summary_large_image","twitter_misc":{"Est. reading time":"2 minutes"},"schema":{"@context":"https:\/\/schema.org","@graph":[{"@type":"WebPage","@id":"https:\/\/winneryachts.com\/impressum\/","url":"https:\/\/winneryachts.com\/impressum\/","name":"Impressum - Winner Yachts - zeitlose Segelyachten","isPartOf":{"@id":"https:\/\/winneryachts.com\/#website"},"datePublished":"2022-10-05T08:25:13+00:00","dateModified":"2022-10-10T17:11:31+00:00","breadcrumb":{"@id":"https:\/\/winneryachts.com\/impressum\/#breadcrumb"},"inLanguage":"en-US","potentialAction":[{"@type":"ReadAction","target":["https:\/\/winneryachts.com\/impressum\/"]}]},{"@type":"BreadcrumbList","@id":"https:\/\/winneryachts.com\/impressum\/#breadcrumb","itemListElement":[{"@type":"ListItem","position":1,"name":"Startseite","item":"https:\/\/winneryachts.com\/"},{"@type":"ListItem","position":2,"name":"Impressum"}]},{"@type":"WebSite","@id":"https:\/\/winneryachts.com\/#website","url":"https:\/\/winneryachts.com\/","name":"Winner Yachts - zeitlose Segelyachten","description":"Winner Yachts ist eine handwerklich gepr\u00e4gte und regionale Marke","publisher":{"@id":"https:\/\/winneryachts.com\/#organization"},"alternateName":"Winner Yachts","potentialAction":[{"@type":"SearchAction","target":{"@type":"EntryPoint","urlTemplate":"https:\/\/winneryachts.com\/?s={search_term_string}"},"query-input":{"@type":"PropertyValueSpecification","valueRequired":true,"valueName":"search_term_string"}}],"inLanguage":"en-US"},{"@type":"Organization","@id":"https:\/\/winneryachts.com\/#organization","name":"WINNER YACHTS GMBH","url":"https:\/\/winneryachts.com\/","logo":{"@type":"ImageObject","inLanguage":"en-US","@id":"https:\/\/winneryachts.com\/#\/schema\/logo\/image\/","url":"https:\/\/winneryachts.com\/wp-content\/uploads\/2022\/11\/logo_winner_top.gif","contentUrl":"https:\/\/winneryachts.com\/wp-content\/uploads\/2022\/11\/logo_winner_top.gif","width":173,"height":65,"caption":"WINNER YACHTS GMBH"},"image":{"@id":"https:\/\/winneryachts.com\/#\/schema\/logo\/image\/"},"sameAs":["https:\/\/www.facebook.com\/winneryachts","https:\/\/www.instagram.com\/winneryachts\/"]}]}},"_links":{"self":[{"href":"https:\/\/winneryachts.com\/en\/wp-json\/wp\/v2\/pages\/1583","targetHints":{"allow":["GET"]}}],"collection":[{"href":"https:\/\/winneryachts.com\/en\/wp-json\/wp\/v2\/pages"}],"about":[{"href":"https:\/\/winneryachts.com\/en\/wp-json\/wp\/v2\/types\/page"}],"author":[{"embeddable":true,"href":"https:\/\/winneryachts.com\/en\/wp-json\/wp\/v2\/users\/1"}],"replies":[{"embeddable":true,"href":"https:\/\/winneryachts.com\/en\/wp-json\/wp\/v2\/comments?post=1583"}],"version-history":[{"count":10,"href":"https:\/\/winneryachts.com\/en\/wp-json\/wp\/v2\/pages\/1583\/revisions"}],"predecessor-version":[{"id":2095,"href":"https:\/\/winneryachts.com\/en\/wp-json\/wp\/v2\/pages\/1583\/revisions\/2095"}],"wp:attachment":[{"href":"https:\/\/winneryachts.com\/en\/wp-json\/wp\/v2\/media?parent=1583"}],"curies":[{"name":"wp","href":"https:\/\/api.w.org\/{rel}","templated":true}]}}